{"id":3335,"date":"2025-06-30T05:11:42","date_gmt":"2025-06-30T02:11:42","guid":{"rendered":"https:\/\/mehmetreis.com\/?post_type=product&#038;p=3335"},"modified":"2025-06-30T17:29:21","modified_gmt":"2025-06-30T14:29:21","slug":"mix-beze","status":"publish","type":"product","link":"https:\/\/mehmetreis.com\/en\/product\/mix-beze\/","title":{"rendered":"Mix Beze"},"content":{"rendered":"<p data-start=\"114\" data-end=\"439\">Yumu\u015fak, hafif ve p\u00fcr\u00fczs\u00fcz yap\u0131s\u0131yla <strong data-start=\"151\" data-end=\"163\">Mix Beze<\/strong>, her an\u0131n\u0131za ne\u015feli bir tat katacak. Farkl\u0131 renkleri ve tatlar\u0131yla g\u00f6rsel olarak da \u015f\u0131kl\u0131k sunan bu \u00f6zel beze kar\u0131\u015f\u0131m\u0131, \u015fekerin ve yumurtan\u0131n en do\u011fal haliyle haz\u0131rlan\u0131yor. \u0130ster tek ba\u015f\u0131na at\u0131\u015ft\u0131rmal\u0131k olarak, ister \u00e7ay ve kahve yan\u0131nda keyifle t\u00fcketebilece\u011finiz bir lezzet!<\/p>\n<p data-start=\"441\" data-end=\"670\">Her lokmas\u0131nda a\u011f\u0131zda da\u011f\u0131lan, hafif ve \u00e7\u0131t\u0131r dokusu ile <strong data-start=\"498\" data-end=\"510\">Mix Beze<\/strong>, tatl\u0131 krizlerinize harika bir \u00e7\u00f6z\u00fcm. <strong data-start=\"549\" data-end=\"571\">Do\u011fal malzemelerle<\/strong> haz\u0131rlanan, katk\u0131 maddesi i\u00e7ermeyen bu leziz tat, sadece \u015feker ve yumurtan\u0131n saf halinden geliyor.<\/p>","protected":false},"excerpt":{"rendered":"<p>Yumu\u015fak, hafif ve p\u00fcr\u00fczs\u00fcz yap\u0131s\u0131yla Mix Beze, her an\u0131n\u0131za ne\u015feli bir tat katacak. Farkl\u0131 renkleri ve tatlar\u0131yla g\u00f6rsel olarak da [&hellip;]<\/p>","protected":false},"featured_media":3336,"comment_status":"open","ping_status":"closed","template":"","meta":[],"product_brand":[],"product_cat":[15,65],"product_tag":[],"class_list":{"0":"post-3335","1":"product","2":"type-product","3":"status-publish","4":"has-post-thumbnail","6":"product_cat-tum-urunler","7":"product_cat-bezeler","9":"first","10":"instock","11":"shipping-taxable","12":"product-type-simple"},"_links":{"self":[{"href":"https:\/\/mehmetreis.com\/en\/wp-json\/wp\/v2\/product\/3335","targetHints":{"allow":["GET"]}}],"collection":[{"href":"https:\/\/mehmetreis.com\/en\/wp-json\/wp\/v2\/product"}],"about":[{"href":"https:\/\/mehmetreis.com\/en\/wp-json\/wp\/v2\/types\/product"}],"replies":[{"embeddable":true,"href":"https:\/\/mehmetreis.com\/en\/wp-json\/wp\/v2\/comments?post=3335"}],"wp:featuredmedia":[{"embeddable":true,"href":"https:\/\/mehmetreis.com\/en\/wp-json\/wp\/v2\/media\/3336"}],"wp:attachment":[{"href":"https:\/\/mehmetreis.com\/en\/wp-json\/wp\/v2\/media?parent=3335"}],"wp:term":[{"taxonomy":"product_brand","embeddable":true,"href":"https:\/\/mehmetreis.com\/en\/wp-json\/wp\/v2\/product_brand?post=3335"},{"taxonomy":"product_cat","embeddable":true,"href":"https:\/\/mehmetreis.com\/en\/wp-json\/wp\/v2\/product_cat?post=3335"},{"taxonomy":"product_tag","embeddable":true,"href":"https:\/\/mehmetreis.com\/en\/wp-json\/wp\/v2\/product_tag?post=3335"}],"curies":[{"name":"wp","href":"https:\/\/api.w.org\/{rel}","templated":true}]}}