{"id":3322,"date":"2025-06-30T05:04:38","date_gmt":"2025-06-30T02:04:38","guid":{"rendered":"https:\/\/mehmetreis.com\/?post_type=product&#038;p=3322"},"modified":"2025-06-30T17:29:21","modified_gmt":"2025-06-30T14:29:21","slug":"kitir-simit","status":"publish","type":"product","link":"https:\/\/mehmetreis.com\/en\/product\/kitir-simit\/","title":{"rendered":"K\u0131t\u0131r Simit"},"content":{"rendered":"<p data-start=\"119\" data-end=\"479\"><strong data-start=\"119\" data-end=\"134\">K\u0131t\u0131r Simit<\/strong>, d\u0131\u015f\u0131 alt\u0131n sar\u0131s\u0131, \u00e7\u0131t\u0131r \u00e7\u0131t\u0131r, i\u00e7i ise yumu\u015fac\u0131k ve hafif bir lezzet! Geleneksel T\u00fcrk simidi, en taze malzemelerle haz\u0131rlanarak f\u0131r\u0131ndan \u00e7\u0131kt\u0131\u011f\u0131nda, mis gibi kokusu ve \u00e7\u0131t\u0131r dokusuyla sizi kendine hayran b\u0131rakacak. Taze susamlar\u0131n simidin \u00fczerine serpilmesiyle zenginle\u015fen bu tat, kahvalt\u0131lardan \u00e7ay saatlerine kadar her an\u0131n\u0131za e\u015flik edecek.<\/p>\n<p data-start=\"481\" data-end=\"720\"><strong data-start=\"481\" data-end=\"496\">K\u0131t\u0131r Simit<\/strong>, hem sa\u011fl\u0131kl\u0131 hem de lezzetli at\u0131\u015ft\u0131rmal\u0131k isteyenler i\u00e7in m\u00fckemmel bir se\u00e7enek. Ev yap\u0131m\u0131 lezzetinin tad\u0131n\u0131 \u00e7\u0131kar\u0131rken, katk\u0131 maddesi ve koruyucu i\u00e7eriklerden uzak, sadece do\u011fal malzemelerle haz\u0131rlanm\u0131\u015f bir lezzet sunuyor.<\/p>","protected":false},"excerpt":{"rendered":"<p>K\u0131t\u0131r Simit, d\u0131\u015f\u0131 alt\u0131n sar\u0131s\u0131, \u00e7\u0131t\u0131r \u00e7\u0131t\u0131r, i\u00e7i ise yumu\u015fac\u0131k ve hafif bir lezzet! Geleneksel T\u00fcrk simidi, en taze malzemelerle [&hellip;]<\/p>","protected":false},"featured_media":3323,"comment_status":"open","ping_status":"closed","template":"","meta":[],"product_brand":[],"product_cat":[15,61],"product_tag":[],"class_list":{"0":"post-3322","1":"product","2":"type-product","3":"status-publish","4":"has-post-thumbnail","6":"product_cat-tum-urunler","7":"product_cat-simitler","9":"first","10":"instock","11":"shipping-taxable","12":"product-type-simple"},"_links":{"self":[{"href":"https:\/\/mehmetreis.com\/en\/wp-json\/wp\/v2\/product\/3322","targetHints":{"allow":["GET"]}}],"collection":[{"href":"https:\/\/mehmetreis.com\/en\/wp-json\/wp\/v2\/product"}],"about":[{"href":"https:\/\/mehmetreis.com\/en\/wp-json\/wp\/v2\/types\/product"}],"replies":[{"embeddable":true,"href":"https:\/\/mehmetreis.com\/en\/wp-json\/wp\/v2\/comments?post=3322"}],"wp:featuredmedia":[{"embeddable":true,"href":"https:\/\/mehmetreis.com\/en\/wp-json\/wp\/v2\/media\/3323"}],"wp:attachment":[{"href":"https:\/\/mehmetreis.com\/en\/wp-json\/wp\/v2\/media?parent=3322"}],"wp:term":[{"taxonomy":"product_brand","embeddable":true,"href":"https:\/\/mehmetreis.com\/en\/wp-json\/wp\/v2\/product_brand?post=3322"},{"taxonomy":"product_cat","embeddable":true,"href":"https:\/\/mehmetreis.com\/en\/wp-json\/wp\/v2\/product_cat?post=3322"},{"taxonomy":"product_tag","embeddable":true,"href":"https:\/\/mehmetreis.com\/en\/wp-json\/wp\/v2\/product_tag?post=3322"}],"curies":[{"name":"wp","href":"https:\/\/api.w.org\/{rel}","templated":true}]}}