{"id":3295,"date":"2025-06-30T04:47:55","date_gmt":"2025-06-30T01:47:55","guid":{"rendered":"https:\/\/mehmetreis.com\/?post_type=product&#038;p=3295"},"modified":"2025-06-30T17:29:22","modified_gmt":"2025-06-30T14:29:22","slug":"caylik-kahvelik-yogurtlu-uzumlu-kurabiye","status":"publish","type":"product","link":"https:\/\/mehmetreis.com\/en\/product\/caylik-kahvelik-yogurtlu-uzumlu-kurabiye\/","title":{"rendered":"\u00c7ayl\u0131k &#038; Kahvelik Yo\u011furtlu \u00dcz\u00fcml\u00fc Kurabiye"},"content":{"rendered":"<p data-start=\"191\" data-end=\"457\">G\u00fcn boyu sizi taze tutacak, hafif ve sa\u011fl\u0131kl\u0131 bir at\u0131\u015ft\u0131rmal\u0131k ar\u0131yorsan\u0131z, <strong data-start=\"267\" data-end=\"313\">\u00c7ayl\u0131k &amp; Kahvelik Yo\u011furtlu \u00dcz\u00fcml\u00fc Kurabiye<\/strong> tam da arad\u0131\u011f\u0131n\u0131z tat! Yo\u011furdun yumu\u015fac\u0131k dokusu ve \u00fcz\u00fcm\u00fcn do\u011fal tatl\u0131l\u0131\u011f\u0131yla birle\u015fen bu kurabiye, her \u0131s\u0131r\u0131kta enerji dolu bir keyif sunuyor.<\/p>\n<p data-start=\"459\" data-end=\"677\"><strong data-start=\"459\" data-end=\"502\">\u00c7ay ve kahve saatlerinizin vazge\u00e7ilmezi<\/strong> olacak bu kurabiye, ayn\u0131 zamanda do\u011fal malzemelerle haz\u0131rlanm\u0131\u015f, katk\u0131 maddesi ve koruyucu i\u00e7ermez. Taze \u00fcz\u00fcm ve yo\u011furt, hem besleyici hem de lezzetli bir tat deneyimi sunar.<\/p>","protected":false},"excerpt":{"rendered":"<p>G\u00fcn boyu sizi taze tutacak, hafif ve sa\u011fl\u0131kl\u0131 bir at\u0131\u015ft\u0131rmal\u0131k ar\u0131yorsan\u0131z, \u00c7ayl\u0131k &amp; Kahvelik Yo\u011furtlu \u00dcz\u00fcml\u00fc Kurabiye tam da arad\u0131\u011f\u0131n\u0131z [&hellip;]<\/p>","protected":false},"featured_media":3296,"comment_status":"open","ping_status":"closed","template":"","meta":[],"product_brand":[],"product_cat":[15,64],"product_tag":[],"class_list":{"0":"post-3295","1":"product","2":"type-product","3":"status-publish","4":"has-post-thumbnail","6":"product_cat-tum-urunler","7":"product_cat-tatli-kurabiyeler","9":"first","10":"instock","11":"shipping-taxable","12":"product-type-simple"},"_links":{"self":[{"href":"https:\/\/mehmetreis.com\/en\/wp-json\/wp\/v2\/product\/3295","targetHints":{"allow":["GET"]}}],"collection":[{"href":"https:\/\/mehmetreis.com\/en\/wp-json\/wp\/v2\/product"}],"about":[{"href":"https:\/\/mehmetreis.com\/en\/wp-json\/wp\/v2\/types\/product"}],"replies":[{"embeddable":true,"href":"https:\/\/mehmetreis.com\/en\/wp-json\/wp\/v2\/comments?post=3295"}],"wp:featuredmedia":[{"embeddable":true,"href":"https:\/\/mehmetreis.com\/en\/wp-json\/wp\/v2\/media\/3296"}],"wp:attachment":[{"href":"https:\/\/mehmetreis.com\/en\/wp-json\/wp\/v2\/media?parent=3295"}],"wp:term":[{"taxonomy":"product_brand","embeddable":true,"href":"https:\/\/mehmetreis.com\/en\/wp-json\/wp\/v2\/product_brand?post=3295"},{"taxonomy":"product_cat","embeddable":true,"href":"https:\/\/mehmetreis.com\/en\/wp-json\/wp\/v2\/product_cat?post=3295"},{"taxonomy":"product_tag","embeddable":true,"href":"https:\/\/mehmetreis.com\/en\/wp-json\/wp\/v2\/product_tag?post=3295"}],"curies":[{"name":"wp","href":"https:\/\/api.w.org\/{rel}","templated":true}]}}