{"id":3269,"date":"2025-06-30T04:29:12","date_gmt":"2025-06-30T01:29:12","guid":{"rendered":"https:\/\/mehmetreis.com\/?post_type=product&#038;p=3269"},"modified":"2025-06-30T17:29:22","modified_gmt":"2025-06-30T14:29:22","slug":"kandil-simidi","status":"publish","type":"product","link":"https:\/\/mehmetreis.com\/en\/product\/kandil-simidi\/","title":{"rendered":"Kandil Simidi"},"content":{"rendered":"<p data-start=\"113\" data-end=\"360\">T\u00fcrk mutfa\u011f\u0131n\u0131n geleneksel tatlar\u0131ndan\u00a0<strong data-start=\"152\" data-end=\"169\">Kandil Simidi<\/strong>, her lokmada tarihi bir lezzet yolculu\u011funa \u00e7\u0131kar\u0131yor. \u00d6zel g\u00fcnlerin, kandil gecelerinin vazge\u00e7ilmezi olan bu simitler, \u00e7\u0131t\u0131r d\u0131\u015f yap\u0131s\u0131 ve ipeksi i\u00e7 dokusuyla adeta dama\u011f\u0131n\u0131zda dans ediyor.<\/p>\n<p data-start=\"362\" data-end=\"584\">Zeytinya\u011f\u0131 ve taze susam\u0131n m\u00fckemmel uyumu, simitlere hem nefis bir lezzet hem de sa\u011fl\u0131kl\u0131 bir dokunu\u015f kat\u0131yor. Katk\u0131 maddesi ve koruyucu i\u00e7ermeyen\u00a0<strong data-start=\"509\" data-end=\"526\">Kandil Simidi<\/strong>, tamamen do\u011fal ve geleneksel malzemelerle haz\u0131rlanm\u0131\u015ft\u0131r.<\/p>","protected":false},"excerpt":{"rendered":"<p>T\u00fcrk mutfa\u011f\u0131n\u0131n geleneksel tatlar\u0131ndan\u00a0Kandil Simidi, her lokmada tarihi bir lezzet yolculu\u011funa \u00e7\u0131kar\u0131yor. \u00d6zel g\u00fcnlerin, kandil gecelerinin vazge\u00e7ilmezi olan bu simitler, [&hellip;]<\/p>","protected":false},"featured_media":3271,"comment_status":"open","ping_status":"closed","template":"","meta":[],"product_brand":[],"product_cat":[15,61],"product_tag":[],"class_list":{"0":"post-3269","1":"product","2":"type-product","3":"status-publish","4":"has-post-thumbnail","6":"product_cat-tum-urunler","7":"product_cat-simitler","9":"first","10":"instock","11":"shipping-taxable","12":"product-type-simple"},"_links":{"self":[{"href":"https:\/\/mehmetreis.com\/en\/wp-json\/wp\/v2\/product\/3269","targetHints":{"allow":["GET"]}}],"collection":[{"href":"https:\/\/mehmetreis.com\/en\/wp-json\/wp\/v2\/product"}],"about":[{"href":"https:\/\/mehmetreis.com\/en\/wp-json\/wp\/v2\/types\/product"}],"replies":[{"embeddable":true,"href":"https:\/\/mehmetreis.com\/en\/wp-json\/wp\/v2\/comments?post=3269"}],"wp:featuredmedia":[{"embeddable":true,"href":"https:\/\/mehmetreis.com\/en\/wp-json\/wp\/v2\/media\/3271"}],"wp:attachment":[{"href":"https:\/\/mehmetreis.com\/en\/wp-json\/wp\/v2\/media?parent=3269"}],"wp:term":[{"taxonomy":"product_brand","embeddable":true,"href":"https:\/\/mehmetreis.com\/en\/wp-json\/wp\/v2\/product_brand?post=3269"},{"taxonomy":"product_cat","embeddable":true,"href":"https:\/\/mehmetreis.com\/en\/wp-json\/wp\/v2\/product_cat?post=3269"},{"taxonomy":"product_tag","embeddable":true,"href":"https:\/\/mehmetreis.com\/en\/wp-json\/wp\/v2\/product_tag?post=3269"}],"curies":[{"name":"wp","href":"https:\/\/api.w.org\/{rel}","templated":true}]}}